{"id":8917,"date":"2021-09-03T08:46:05","date_gmt":"2021-09-03T06:46:05","guid":{"rendered":"https:\/\/www.karver-systems.com\/?page_id=8917"},"modified":"2025-09-29T14:44:18","modified_gmt":"2025-09-29T12:44:18","slug":"newsletter-subscription","status":"publish","type":"page","link":"https:\/\/www.karver-systems.com\/en\/newsletter-subscription\/","title":{"rendered":"Newsletter subscription form"},"content":{"rendered":"\t\t<div data-elementor-type=\"wp-page\" data-elementor-id=\"8917\" class=\"elementor elementor-8917\" data-elementor-post-type=\"page\">\n\t\t\t\t\t\t<section class=\"elementor-section elementor-top-section elementor-element elementor-element-19616902 elementor-section-boxed elementor-section-height-default elementor-section-height-default\" data-id=\"19616902\" data-element_type=\"section\" data-e-type=\"section\">\n\t\t\t\t\t\t<div class=\"elementor-container elementor-column-gap-default\">\n\t\t\t\t\t<div class=\"elementor-column elementor-col-100 elementor-top-column elementor-element elementor-element-30d88588\" data-id=\"30d88588\" data-element_type=\"column\" data-e-type=\"column\">\n\t\t\t<div class=\"elementor-widget-wrap elementor-element-populated\">\n\t\t\t\t\t\t<div class=\"elementor-element elementor-element-ebcaf61 elementor-widget elementor-widget-woocommerce-breadcrumb\" data-id=\"ebcaf61\" data-element_type=\"widget\" data-e-type=\"widget\" data-widget_type=\"woocommerce-breadcrumb.default\">\n\t\t\t\t<div class=\"elementor-widget-container\">\n\t\t\t\t\t<nav class=\"woocommerce-breadcrumb\" aria-label=\"Breadcrumb\">Home<\/nav>\t\t\t\t<\/div>\n\t\t\t\t<\/div>\n\t\t\t\t\t<\/div>\n\t\t<\/div>\n\t\t\t\t\t<\/div>\n\t\t<\/section>\n\t\t\t\t<section class=\"elementor-section elementor-top-section elementor-element elementor-element-2a20c806 elementor-section-boxed elementor-section-height-default elementor-section-height-default\" data-id=\"2a20c806\" data-element_type=\"section\" data-e-type=\"section\">\n\t\t\t\t\t\t<div class=\"elementor-container elementor-column-gap-default\">\n\t\t\t\t\t<div class=\"elementor-column elementor-col-100 elementor-top-column elementor-element elementor-element-6e36fba5\" data-id=\"6e36fba5\" data-element_type=\"column\" data-e-type=\"column\">\n\t\t\t<div class=\"elementor-widget-wrap elementor-element-populated\">\n\t\t\t\t\t\t<div class=\"elementor-element elementor-element-2a1f613c elementor-widget elementor-widget-heading\" data-id=\"2a1f613c\" data-element_type=\"widget\" data-e-type=\"widget\" data-widget_type=\"heading.default\">\n\t\t\t\t<div class=\"elementor-widget-container\">\n\t\t\t\t\t<h2 class=\"elementor-heading-title elementor-size-default\">We post 4 to 5 newsletters a year. If you whish to receive the next one, just complete this short subscribtion form.<\/h2>\t\t\t\t<\/div>\n\t\t\t\t<\/div>\n\t\t\t\t\t<\/div>\n\t\t<\/div>\n\t\t\t\t\t<\/div>\n\t\t<\/section>\n\t\t\t\t<section class=\"elementor-section elementor-top-section elementor-element elementor-element-2e65ca88 elementor-section-boxed elementor-section-height-default elementor-section-height-default\" data-id=\"2e65ca88\" data-element_type=\"section\" data-e-type=\"section\">\n\t\t\t\t\t\t<div class=\"elementor-container elementor-column-gap-default\">\n\t\t\t\t\t<div class=\"elementor-column elementor-col-100 elementor-top-column elementor-element elementor-element-40937a6c\" data-id=\"40937a6c\" data-element_type=\"column\" data-e-type=\"column\">\n\t\t\t<div class=\"elementor-widget-wrap elementor-element-populated\">\n\t\t\t\t\t\t<section class=\"elementor-section elementor-inner-section elementor-element elementor-element-4d0c9eb1 elementor-section-boxed elementor-section-height-default elementor-section-height-default\" data-id=\"4d0c9eb1\" data-element_type=\"section\" data-e-type=\"section\">\n\t\t\t\t\t\t<div class=\"elementor-container elementor-column-gap-default\">\n\t\t\t\t\t<div class=\"elementor-column elementor-col-50 elementor-inner-column elementor-element elementor-element-60bab569\" data-id=\"60bab569\" data-element_type=\"column\" data-e-type=\"column\">\n\t\t\t<div class=\"elementor-widget-wrap elementor-element-populated\">\n\t\t\t\t\t\t<div class=\"elementor-element elementor-element-1b66d2fa elementor-widget elementor-widget-image\" data-id=\"1b66d2fa\" data-element_type=\"widget\" data-e-type=\"widget\" data-widget_type=\"image.default\">\n\t\t\t\t<div class=\"elementor-widget-container\">\n\t\t\t\t\t\t\t\t\t\t\t\t\t\t\t<img decoding=\"async\" src=\"https:\/\/karver-197c6.kxcdn.com\/wp-content\/uploads\/2021\/09\/Newsletter-cover.jpg\" title=\"\" alt=\"\" loading=\"lazy\" \/>\t\t\t\t\t\t\t\t\t\t\t\t\t\t\t<\/div>\n\t\t\t\t<\/div>\n\t\t\t\t<div class=\"elementor-element elementor-element-60824016 elementor-widget elementor-widget-text-editor\" data-id=\"60824016\" data-element_type=\"widget\" data-e-type=\"widget\" data-widget_type=\"text-editor.default\">\n\t\t\t\t<div class=\"elementor-widget-container\">\n\t\t\t\t\t\t\t\t\t<p>Toutes ces donn\u00e9es sont destin\u00e9es \u00e0 un usage exclusivement interne.<\/p>\t\t\t\t\t\t\t\t<\/div>\n\t\t\t\t<\/div>\n\t\t\t\t\t<\/div>\n\t\t<\/div>\n\t\t\t\t<div class=\"elementor-column elementor-col-50 elementor-inner-column elementor-element elementor-element-898e77d\" data-id=\"898e77d\" data-element_type=\"column\" data-e-type=\"column\">\n\t\t\t<div class=\"elementor-widget-wrap elementor-element-populated\">\n\t\t\t\t\t\t<div class=\"elementor-element elementor-element-3fecb83e elementor-button-align-stretch elementor-widget elementor-widget-form\" data-id=\"3fecb83e\" data-element_type=\"widget\" data-e-type=\"widget\" data-settings=\"{&quot;step_next_label&quot;:&quot;Suivant&quot;,&quot;step_previous_label&quot;:&quot;Pr\\u00e9c\\u00e9dent&quot;,&quot;step_type&quot;:&quot;number&quot;,&quot;button_width&quot;:&quot;100&quot;,&quot;step_icon_shape&quot;:&quot;circle&quot;}\" data-widget_type=\"form.default\">\n\t\t\t\t<div class=\"elementor-widget-container\">\n\t\t\t\t\t\t\t<form class=\"elementor-form\" method=\"post\" name=\"Newsletter subscription\" aria-label=\"Newsletter subscription\">\n\t\t\t<input type=\"hidden\" name=\"post_id\" value=\"8917\"\/>\n\t\t\t<input type=\"hidden\" name=\"form_id\" value=\"3fecb83e\"\/>\n\t\t\t<input type=\"hidden\" name=\"referer_title\" value=\"Karver systems\" \/>\n\n\t\t\t\n\t\t\t<div class=\"elementor-form-fields-wrapper elementor-labels-above\">\n\t\t\t\t\t\t\t\t<div class=\"elementor-field-type-text elementor-field-group elementor-column elementor-field-group-field_12075dc elementor-col-100\">\n\t\t\t\t\t\t\t\t\t\t\t\t<label for=\"form-field-field_12075dc\" class=\"elementor-field-label\">\n\t\t\t\t\t\t\t\tFIRST NAME\t\t\t\t\t\t\t<\/label>\n\t\t\t\t\t\t\t\t\t\t\t\t\t\t<input size=\"1\" type=\"text\" name=\"form_fields[field_12075dc]\" id=\"form-field-field_12075dc\" class=\"elementor-field elementor-size-sm  elementor-field-textual\">\n\t\t\t\t\t\t\t\t\t\t\t<\/div>\n\t\t\t\t\t\t\t\t<div class=\"elementor-field-type-text elementor-field-group elementor-column elementor-field-group-field_2b8dd6f elementor-col-100\">\n\t\t\t\t\t\t\t\t\t\t\t\t<label for=\"form-field-field_2b8dd6f\" class=\"elementor-field-label\">\n\t\t\t\t\t\t\t\tNAME\t\t\t\t\t\t\t<\/label>\n\t\t\t\t\t\t\t\t\t\t\t\t\t\t<input size=\"1\" type=\"text\" name=\"form_fields[field_2b8dd6f]\" id=\"form-field-field_2b8dd6f\" class=\"elementor-field elementor-size-sm  elementor-field-textual\">\n\t\t\t\t\t\t\t\t\t\t\t<\/div>\n\t\t\t\t\t\t\t\t<div class=\"elementor-field-type-email elementor-field-group elementor-column elementor-field-group-field_f962398 elementor-col-100\">\n\t\t\t\t\t\t\t\t\t\t\t\t<label for=\"form-field-field_f962398\" class=\"elementor-field-label\">\n\t\t\t\t\t\t\t\tEMAIL\t\t\t\t\t\t\t<\/label>\n\t\t\t\t\t\t\t\t\t\t\t\t\t\t<input size=\"1\" type=\"email\" name=\"form_fields[field_f962398]\" id=\"form-field-field_f962398\" class=\"elementor-field elementor-size-sm  elementor-field-textual\">\n\t\t\t\t\t\t\t\t\t\t\t<\/div>\n\t\t\t\t\t\t\t\t<div class=\"elementor-field-type-checkbox elementor-field-group elementor-column elementor-field-group-field_70965cc elementor-col-100\">\n\t\t\t\t\t\t\t\t\t\t\t\t<label for=\"form-field-field_70965cc\" class=\"elementor-field-label\">\n\t\t\t\t\t\t\t\tTYPE\t\t\t\t\t\t\t<\/label>\n\t\t\t\t\t\t<div class=\"elementor-field-subgroup  elementor-subgroup-inline\"><span class=\"elementor-field-option\"><input type=\"checkbox\" value=\"Private\" id=\"form-field-field_70965cc-0\" name=\"form_fields[field_70965cc][]\"> <label for=\"form-field-field_70965cc-0\">Private<\/label><\/span><span class=\"elementor-field-option\"><input type=\"checkbox\" value=\"Professional\" id=\"form-field-field_70965cc-1\" name=\"form_fields[field_70965cc][]\"> <label for=\"form-field-field_70965cc-1\">Professional<\/label><\/span><\/div>\t\t\t\t<\/div>\n\t\t\t\t\t\t\t\t<div class=\"elementor-field-type-text elementor-field-group elementor-column elementor-field-group-field_49aec2d elementor-col-100\">\n\t\t\t\t\t\t\t\t\t\t\t\t<label for=\"form-field-field_49aec2d\" class=\"elementor-field-label\">\n\t\t\t\t\t\t\t\tCOMPANY NAME (If you are a professional)\t\t\t\t\t\t\t<\/label>\n\t\t\t\t\t\t\t\t\t\t\t\t\t\t<input size=\"1\" type=\"text\" name=\"form_fields[field_49aec2d]\" id=\"form-field-field_49aec2d\" class=\"elementor-field elementor-size-sm  elementor-field-textual\">\n\t\t\t\t\t\t\t\t\t\t\t<\/div>\n\t\t\t\t\t\t\t\t<div class=\"elementor-field-type-checkbox elementor-field-group elementor-column elementor-field-group-field_9ed9689 elementor-col-100\">\n\t\t\t\t\t\t\t\t\t\t\t\t<label for=\"form-field-field_9ed9689\" class=\"elementor-field-label\">\n\t\t\t\t\t\t\t\tLANGUAGE\t\t\t\t\t\t\t<\/label>\n\t\t\t\t\t\t<div class=\"elementor-field-subgroup  elementor-subgroup-inline\"><span class=\"elementor-field-option\"><input type=\"checkbox\" value=\"Newsletter in English\" id=\"form-field-field_9ed9689-0\" name=\"form_fields[field_9ed9689][]\"> <label for=\"form-field-field_9ed9689-0\">Newsletter in English<\/label><\/span><span class=\"elementor-field-option\"><input type=\"checkbox\" value=\"Newsletter in French\" id=\"form-field-field_9ed9689-1\" name=\"form_fields[field_9ed9689][]\"> <label for=\"form-field-field_9ed9689-1\">Newsletter in French<\/label><\/span><\/div>\t\t\t\t<\/div>\n\t\t\t\t\t\t\t\t<div class=\"elementor-field-type-checkbox elementor-field-group elementor-column elementor-field-group-field_451026c elementor-col-100\">\n\t\t\t\t\t\t\t\t\t\t\t\t<label for=\"form-field-field_451026c\" class=\"elementor-field-label\">\n\t\t\t\t\t\t\t\tINTEREST\t\t\t\t\t\t\t<\/label>\n\t\t\t\t\t\t<div class=\"elementor-field-subgroup  elementor-subgroup-inline\"><span class=\"elementor-field-option\"><input type=\"checkbox\" value=\"Cruising\" id=\"form-field-field_451026c-0\" name=\"form_fields[field_451026c][]\"> <label for=\"form-field-field_451026c-0\">Cruising<\/label><\/span><span class=\"elementor-field-option\"><input type=\"checkbox\" value=\"Racing-Cruising\" id=\"form-field-field_451026c-1\" name=\"form_fields[field_451026c][]\"> <label for=\"form-field-field_451026c-1\">Racing-Cruising<\/label><\/span><span class=\"elementor-field-option\"><input type=\"checkbox\" value=\"Racing\" id=\"form-field-field_451026c-2\" name=\"form_fields[field_451026c][]\"> <label for=\"form-field-field_451026c-2\">Racing<\/label><\/span><span class=\"elementor-field-option\"><input type=\"checkbox\" value=\"Super Yacht\" id=\"form-field-field_451026c-3\" name=\"form_fields[field_451026c][]\"> <label for=\"form-field-field_451026c-3\">Super Yacht<\/label><\/span><\/div>\t\t\t\t<\/div>\n\t\t\t\t\t\t\t\t<div class=\"elementor-field-type-checkbox elementor-field-group elementor-column elementor-field-group-field_8b4b96a elementor-col-100\">\n\t\t\t\t\t\t\t\t\t\t\t\t<label for=\"form-field-field_8b4b96a\" class=\"elementor-field-label\">\n\t\t\t\t\t\t\t\tTYPE OF BOAT\t\t\t\t\t\t\t<\/label>\n\t\t\t\t\t\t<div class=\"elementor-field-subgroup  elementor-subgroup-inline\"><span class=\"elementor-field-option\"><input type=\"checkbox\" value=\"Small boat\" id=\"form-field-field_8b4b96a-0\" name=\"form_fields[field_8b4b96a][]\"> <label for=\"form-field-field_8b4b96a-0\">Small boat<\/label><\/span><span class=\"elementor-field-option\"><input type=\"checkbox\" value=\"Monohull\" id=\"form-field-field_8b4b96a-1\" name=\"form_fields[field_8b4b96a][]\"> <label for=\"form-field-field_8b4b96a-1\">Monohull<\/label><\/span><span class=\"elementor-field-option\"><input type=\"checkbox\" value=\"Multihull\" id=\"form-field-field_8b4b96a-2\" name=\"form_fields[field_8b4b96a][]\"> <label for=\"form-field-field_8b4b96a-2\">Multihull<\/label><\/span><span class=\"elementor-field-option\"><input type=\"checkbox\" value=\"IRC \/ ORC\" id=\"form-field-field_8b4b96a-3\" name=\"form_fields[field_8b4b96a][]\"> <label for=\"form-field-field_8b4b96a-3\">IRC \/ ORC<\/label><\/span><span class=\"elementor-field-option\"><input type=\"checkbox\" value=\"Mini 650\" id=\"form-field-field_8b4b96a-4\" name=\"form_fields[field_8b4b96a][]\"> <label for=\"form-field-field_8b4b96a-4\">Mini 650<\/label><\/span><span class=\"elementor-field-option\"><input type=\"checkbox\" value=\"Class40\" id=\"form-field-field_8b4b96a-5\" name=\"form_fields[field_8b4b96a][]\"> <label for=\"form-field-field_8b4b96a-5\">Class40<\/label><\/span><span class=\"elementor-field-option\"><input type=\"checkbox\" value=\"Figaro\" id=\"form-field-field_8b4b96a-6\" name=\"form_fields[field_8b4b96a][]\"> <label for=\"form-field-field_8b4b96a-6\">Figaro<\/label><\/span><span class=\"elementor-field-option\"><input type=\"checkbox\" value=\"Imoca\" id=\"form-field-field_8b4b96a-7\" name=\"form_fields[field_8b4b96a][]\"> <label for=\"form-field-field_8b4b96a-7\">Imoca<\/label><\/span><span class=\"elementor-field-option\"><input type=\"checkbox\" value=\"MOD70\/Multi 50\" id=\"form-field-field_8b4b96a-8\" name=\"form_fields[field_8b4b96a][]\"> <label for=\"form-field-field_8b4b96a-8\">MOD70\/Multi 50<\/label><\/span><span class=\"elementor-field-option\"><input type=\"checkbox\" value=\"Ultim\" id=\"form-field-field_8b4b96a-9\" name=\"form_fields[field_8b4b96a][]\"> <label for=\"form-field-field_8b4b96a-9\">Ultim<\/label><\/span><\/div>\t\t\t\t<\/div>\n\t\t\t\t\t\t\t\t<div class=\"elementor-field-type-recaptcha_v3 elementor-field-group elementor-column elementor-field-group-field_25bc127 elementor-col-100 recaptcha_v3-bottomright\">\n\t\t\t\t\t<div class=\"elementor-field\" id=\"form-field-field_25bc127\"><div class=\"elementor-g-recaptcha\" data-sitekey=\"6LcXyeoaAAAAADBs-jTjrzDDSHHqaGvL_Z3Yygnh\" data-type=\"v3\" data-action=\"Form\" data-badge=\"bottomright\" data-size=\"invisible\"><\/div><\/div>\t\t\t\t<\/div>\n\t\t\t\t\t\t\t\t<div class=\"elementor-field-group elementor-column elementor-field-type-submit elementor-col-100 e-form__buttons\">\n\t\t\t\t\t<button class=\"elementor-button elementor-size-sm\" type=\"submit\">\n\t\t\t\t\t\t<span class=\"elementor-button-content-wrapper\">\n\t\t\t\t\t\t\t\t\t\t\t\t\t\t\t\t\t\t\t\t\t\t<span class=\"elementor-button-text\">I want to subscribe to the Karver Newsletter<\/span>\n\t\t\t\t\t\t\t\t\t\t\t\t\t<\/span>\n\t\t\t\t\t<\/button>\n\t\t\t\t<\/div>\n\t\t\t<\/div>\n\t\t<\/form>\n\t\t\t\t\t\t<\/div>\n\t\t\t\t<\/div>\n\t\t\t\t\t<\/div>\n\t\t<\/div>\n\t\t\t\t\t<\/div>\n\t\t<\/section>\n\t\t\t\t\t<\/div>\n\t\t<\/div>\n\t\t\t\t\t<\/div>\n\t\t<\/section>\n\t\t\t\t<\/div>\n\t\t","protected":false},"excerpt":{"rendered":"<p>We post 4 to 5 newsletters a year. If you whish to receive the next one, just complete this short subscribtion form. Toutes ces donn\u00e9es sont destin\u00e9es \u00e0 un usage exclusivement interne.<\/p>\n","protected":false},"author":7,"featured_media":0,"parent":0,"menu_order":0,"comment_status":"closed","ping_status":"closed","template":"","meta":{"_acf_changed":false,"footnotes":""},"class_list":["post-8917","page","type-page","status-publish","hentry"],"acf":[],"yoast_head":"<!-- This site is optimized with the Yoast SEO plugin v27.2 - https:\/\/yoast.com\/product\/yoast-seo-wordpress\/ -->\n<title>Newsletter subscription form about deck and mast equipment<\/title>\n<meta name=\"description\" content=\"Newsletter subscription form about deck and mast equipment. Please complete this Karver subscription form to receive our next newsletters.\" \/>\n<meta name=\"robots\" content=\"index, follow, max-snippet:-1, max-image-preview:large, max-video-preview:-1\" \/>\n<link rel=\"canonical\" href=\"https:\/\/www.karver-systems.com\/en\/newsletter-subscription\/\" \/>\n<meta property=\"og:locale\" content=\"en_US\" \/>\n<meta property=\"og:type\" content=\"article\" \/>\n<meta property=\"og:title\" content=\"Newsletter subscription form about deck and mast equipment\" \/>\n<meta property=\"og:description\" content=\"Newsletter subscription form about deck and mast equipment. Please complete this Karver subscription form to receive our next newsletters.\" \/>\n<meta property=\"og:url\" content=\"https:\/\/www.karver-systems.com\/en\/newsletter-subscription\/\" \/>\n<meta property=\"og:site_name\" content=\"Karver systems\" \/>\n<meta property=\"article:publisher\" content=\"https:\/\/www.facebook.com\/KarverSailing\" \/>\n<meta property=\"article:modified_time\" content=\"2025-09-29T12:44:18+00:00\" \/>\n<meta property=\"og:image\" content=\"https:\/\/karver-197c6.kxcdn.com\/wp-content\/uploads\/2021\/09\/Newsletter-cover.jpg\" \/>\n<meta name=\"twitter:card\" content=\"summary_large_image\" \/>\n<meta name=\"twitter:label1\" content=\"Est. reading time\" \/>\n\t<meta name=\"twitter:data1\" content=\"1 minute\" \/>\n<script type=\"application\/ld+json\" class=\"yoast-schema-graph\">{\"@context\":\"https:\/\/schema.org\",\"@graph\":[{\"@type\":\"WebPage\",\"@id\":\"https:\/\/www.karver-systems.com\/en\/newsletter-subscription\/\",\"url\":\"https:\/\/www.karver-systems.com\/en\/newsletter-subscription\/\",\"name\":\"Newsletter subscription form about deck and mast equipment\",\"isPartOf\":{\"@id\":\"https:\/\/www.karver-systems.com\/en\/#website\"},\"primaryImageOfPage\":{\"@id\":\"https:\/\/www.karver-systems.com\/en\/newsletter-subscription\/#primaryimage\"},\"image\":{\"@id\":\"https:\/\/www.karver-systems.com\/en\/newsletter-subscription\/#primaryimage\"},\"thumbnailUrl\":\"https:\/\/karver-197c6.kxcdn.com\/wp-content\/uploads\/2021\/09\/Newsletter-cover.jpg\",\"datePublished\":\"2021-09-03T06:46:05+00:00\",\"dateModified\":\"2025-09-29T12:44:18+00:00\",\"description\":\"Newsletter subscription form about deck and mast equipment. Please complete this Karver subscription form to receive our next newsletters.\",\"breadcrumb\":{\"@id\":\"https:\/\/www.karver-systems.com\/en\/newsletter-subscription\/#breadcrumb\"},\"inLanguage\":\"en-US\",\"potentialAction\":[{\"@type\":\"ReadAction\",\"target\":[\"https:\/\/www.karver-systems.com\/en\/newsletter-subscription\/\"]}]},{\"@type\":\"ImageObject\",\"inLanguage\":\"en-US\",\"@id\":\"https:\/\/www.karver-systems.com\/en\/newsletter-subscription\/#primaryimage\",\"url\":\"https:\/\/karver-197c6.kxcdn.com\/wp-content\/uploads\/2021\/09\/Newsletter-cover.jpg\",\"contentUrl\":\"https:\/\/karver-197c6.kxcdn.com\/wp-content\/uploads\/2021\/09\/Newsletter-cover.jpg\"},{\"@type\":\"BreadcrumbList\",\"@id\":\"https:\/\/www.karver-systems.com\/en\/newsletter-subscription\/#breadcrumb\",\"itemListElement\":[{\"@type\":\"ListItem\",\"position\":1,\"name\":\"Accueil\",\"item\":\"https:\/\/www.karver-systems.com\/en\/\"},{\"@type\":\"ListItem\",\"position\":2,\"name\":\"Newsletter subscription form\"}]},{\"@type\":\"WebSite\",\"@id\":\"https:\/\/www.karver-systems.com\/en\/#website\",\"url\":\"https:\/\/www.karver-systems.com\/en\/\",\"name\":\"Karver systems\",\"description\":\"One Step Ahead\",\"publisher\":{\"@id\":\"https:\/\/www.karver-systems.com\/en\/#organization\"},\"potentialAction\":[{\"@type\":\"SearchAction\",\"target\":{\"@type\":\"EntryPoint\",\"urlTemplate\":\"https:\/\/www.karver-systems.com\/en\/?s={search_term_string}\"},\"query-input\":{\"@type\":\"PropertyValueSpecification\",\"valueRequired\":true,\"valueName\":\"search_term_string\"}}],\"inLanguage\":\"en-US\"},{\"@type\":\"Organization\",\"@id\":\"https:\/\/www.karver-systems.com\/en\/#organization\",\"name\":\"Karver Systems\",\"url\":\"https:\/\/www.karver-systems.com\/en\/\",\"logo\":{\"@type\":\"ImageObject\",\"inLanguage\":\"en-US\",\"@id\":\"https:\/\/www.karver-systems.com\/en\/#\/schema\/logo\/image\/\",\"url\":\"https:\/\/karver-systems.com\/wp-content\/uploads\/2020\/11\/logo1.png\",\"contentUrl\":\"https:\/\/karver-systems.com\/wp-content\/uploads\/2020\/11\/logo1.png\",\"width\":300,\"height\":66,\"caption\":\"Karver Systems\"},\"image\":{\"@id\":\"https:\/\/www.karver-systems.com\/en\/#\/schema\/logo\/image\/\"},\"sameAs\":[\"https:\/\/www.facebook.com\/KarverSailing\",\"https:\/\/www.linkedin.com\/company\/2403599\",\"https:\/\/www.pinterest.fr\/karversystems\/\",\"https:\/\/www.youtube.com\/KarverSailing\"]}]}<\/script>\n<!-- \/ Yoast SEO plugin. -->","yoast_head_json":{"title":"Newsletter subscription form about deck and mast equipment","description":"Newsletter subscription form about deck and mast equipment. Please complete this Karver subscription form to receive our next newsletters.","robots":{"index":"index","follow":"follow","max-snippet":"max-snippet:-1","max-image-preview":"max-image-preview:large","max-video-preview":"max-video-preview:-1"},"canonical":"https:\/\/www.karver-systems.com\/en\/newsletter-subscription\/","og_locale":"en_US","og_type":"article","og_title":"Newsletter subscription form about deck and mast equipment","og_description":"Newsletter subscription form about deck and mast equipment. Please complete this Karver subscription form to receive our next newsletters.","og_url":"https:\/\/www.karver-systems.com\/en\/newsletter-subscription\/","og_site_name":"Karver systems","article_publisher":"https:\/\/www.facebook.com\/KarverSailing","article_modified_time":"2025-09-29T12:44:18+00:00","og_image":[{"url":"https:\/\/karver-197c6.kxcdn.com\/wp-content\/uploads\/2021\/09\/Newsletter-cover.jpg","type":"","width":"","height":""}],"twitter_card":"summary_large_image","twitter_misc":{"Est. reading time":"1 minute"},"schema":{"@context":"https:\/\/schema.org","@graph":[{"@type":"WebPage","@id":"https:\/\/www.karver-systems.com\/en\/newsletter-subscription\/","url":"https:\/\/www.karver-systems.com\/en\/newsletter-subscription\/","name":"Newsletter subscription form about deck and mast equipment","isPartOf":{"@id":"https:\/\/www.karver-systems.com\/en\/#website"},"primaryImageOfPage":{"@id":"https:\/\/www.karver-systems.com\/en\/newsletter-subscription\/#primaryimage"},"image":{"@id":"https:\/\/www.karver-systems.com\/en\/newsletter-subscription\/#primaryimage"},"thumbnailUrl":"https:\/\/karver-197c6.kxcdn.com\/wp-content\/uploads\/2021\/09\/Newsletter-cover.jpg","datePublished":"2021-09-03T06:46:05+00:00","dateModified":"2025-09-29T12:44:18+00:00","description":"Newsletter subscription form about deck and mast equipment. Please complete this Karver subscription form to receive our next newsletters.","breadcrumb":{"@id":"https:\/\/www.karver-systems.com\/en\/newsletter-subscription\/#breadcrumb"},"inLanguage":"en-US","potentialAction":[{"@type":"ReadAction","target":["https:\/\/www.karver-systems.com\/en\/newsletter-subscription\/"]}]},{"@type":"ImageObject","inLanguage":"en-US","@id":"https:\/\/www.karver-systems.com\/en\/newsletter-subscription\/#primaryimage","url":"https:\/\/karver-197c6.kxcdn.com\/wp-content\/uploads\/2021\/09\/Newsletter-cover.jpg","contentUrl":"https:\/\/karver-197c6.kxcdn.com\/wp-content\/uploads\/2021\/09\/Newsletter-cover.jpg"},{"@type":"BreadcrumbList","@id":"https:\/\/www.karver-systems.com\/en\/newsletter-subscription\/#breadcrumb","itemListElement":[{"@type":"ListItem","position":1,"name":"Accueil","item":"https:\/\/www.karver-systems.com\/en\/"},{"@type":"ListItem","position":2,"name":"Newsletter subscription form"}]},{"@type":"WebSite","@id":"https:\/\/www.karver-systems.com\/en\/#website","url":"https:\/\/www.karver-systems.com\/en\/","name":"Karver systems","description":"One Step Ahead","publisher":{"@id":"https:\/\/www.karver-systems.com\/en\/#organization"},"potentialAction":[{"@type":"SearchAction","target":{"@type":"EntryPoint","urlTemplate":"https:\/\/www.karver-systems.com\/en\/?s={search_term_string}"},"query-input":{"@type":"PropertyValueSpecification","valueRequired":true,"valueName":"search_term_string"}}],"inLanguage":"en-US"},{"@type":"Organization","@id":"https:\/\/www.karver-systems.com\/en\/#organization","name":"Karver Systems","url":"https:\/\/www.karver-systems.com\/en\/","logo":{"@type":"ImageObject","inLanguage":"en-US","@id":"https:\/\/www.karver-systems.com\/en\/#\/schema\/logo\/image\/","url":"https:\/\/karver-systems.com\/wp-content\/uploads\/2020\/11\/logo1.png","contentUrl":"https:\/\/karver-systems.com\/wp-content\/uploads\/2020\/11\/logo1.png","width":300,"height":66,"caption":"Karver Systems"},"image":{"@id":"https:\/\/www.karver-systems.com\/en\/#\/schema\/logo\/image\/"},"sameAs":["https:\/\/www.facebook.com\/KarverSailing","https:\/\/www.linkedin.com\/company\/2403599","https:\/\/www.pinterest.fr\/karversystems\/","https:\/\/www.youtube.com\/KarverSailing"]}]}},"jetpack_sharing_enabled":true,"_links":{"self":[{"href":"https:\/\/www.karver-systems.com\/en\/wp-json\/wp\/v2\/pages\/8917","targetHints":{"allow":["GET"]}}],"collection":[{"href":"https:\/\/www.karver-systems.com\/en\/wp-json\/wp\/v2\/pages"}],"about":[{"href":"https:\/\/www.karver-systems.com\/en\/wp-json\/wp\/v2\/types\/page"}],"author":[{"embeddable":true,"href":"https:\/\/www.karver-systems.com\/en\/wp-json\/wp\/v2\/users\/7"}],"replies":[{"embeddable":true,"href":"https:\/\/www.karver-systems.com\/en\/wp-json\/wp\/v2\/comments?post=8917"}],"version-history":[{"count":0,"href":"https:\/\/www.karver-systems.com\/en\/wp-json\/wp\/v2\/pages\/8917\/revisions"}],"wp:attachment":[{"href":"https:\/\/www.karver-systems.com\/en\/wp-json\/wp\/v2\/media?parent=8917"}],"curies":[{"name":"wp","href":"https:\/\/api.w.org\/{rel}","templated":true}]}}