{"id":9393,"date":"2021-11-04T11:28:37","date_gmt":"2021-11-04T10:28:37","guid":{"rendered":"https:\/\/www.karver-systems.com\/produit\/kfec1-5-furler-ecoconcept-version\/"},"modified":"2026-04-01T09:44:42","modified_gmt":"2026-04-01T07:44:42","slug":"kfec1-5-furler-ecoconcept-version","status":"publish","type":"product","link":"https:\/\/www.karver-systems.com\/en\/product\/kfec1-5-furler-ecoconcept-version\/","title":{"rendered":"KFEC1.5 FURLER &#8211; ECOCONCEPT VERSION"},"content":{"rendered":"<p>Le  KFEC1.5 ECOCONCEPT est un emmagasineur qui r\u00e9siste \u00e0 une charge de travail de 1,5 T. Il est destin\u00e9 aux voiliers de 25 \u00e0 35 pieds. Le KFEC1.5 est un emmagasineur Karver de 3\u00e8me g\u00e9n\u00e9ration. Avec cette version EcoConcept, nous avons cherch\u00e9 \u00e0 diminuer de mani\u00e8re importante l&#8217;impact environmental de cet emmagasineur. Cette \u00e9volution est principalement d\u00fbe \u00e0 notre brevet sur la roue crant\u00e9e en mati\u00e8res composites. Sur cette version, le carbone est remplac\u00e9e par de la fibre de lin. Pour aller au bout de la d\u00e9marche, les plastiques sont bio sourc\u00e9s (lin \u00e9galement) et nous avons remplac\u00e9 la chape en aluminium anodis\u00e9e par une chape en inox moul\u00e9e qui utilise moins de mati\u00e8re premi\u00e8re et qui allonge de mani\u00e8re significative la dur\u00e9e de vie du produit.<\/p>\n<p> Cet emmagasineur est \u00e9quip\u00e9 en s\u00e9rie d\u2019une roue crant\u00e9e en fibres de lin, d\u2019un carter en ABS renforc\u00e9 et prot\u00e9g\u00e9 par une protection n\u00e9opr\u00e8ne K Krok, de notre mousqueton 2 en 1 K Snap, de notre syst\u00e8me de verrouillage \u00e0 distance de la roue crant\u00e9e et d\u2019un \u00e9merillon en inox \u00e9galement prot\u00e9g\u00e9 par notre protection anti chocs K Krok. De nombreuses options sont disponibles pour le rendre unique et parfaitement adapt\u00e9 \u00e0 vos besoins. Votre emmagasineur peut \u00e9galement emmagasiner un spi asym\u00e9trique si vous l&#8217;\u00e9quipez de l&#8217;adaptateur KTS.<\/p>\n<p> Le KFEC1.5 ECOCONCEPT est livr\u00e9 avec une tourelle et son \u00e9merillon. Il permet d\u2019enrouleur en toute s\u00e9curit\u00e9 depuis le cockpit des voiles compl\u00e9mentaires dites \u00ab volantes \u00bb telles qu\u2019un gennaker, un code 0, une trinquette, etc\u2026 Il est \u00e9galement possible d\u2019emmagasiner un spi asym\u00e9trique en l\u2019\u00e9quipant de notre adaptateur KTS.<\/p>\n<p> Depuis plus de 15 ans, Karver bouscule le march\u00e9 en proposant r\u00e9guli\u00e8rement de nouvelles innovations. Nous sommes \u00e0 l\u2019origine des syst\u00e8mes de verrouillage \u00e0 distance de la roue crant\u00e9e, du syst\u00e8me de mise en place rapide de la drosse, des axes rapides imperdables, des r\u00e9as \u00e0 friction \u00e0 axes rapides, des carters en carbone, \u2026 et nous sommes surtout reconnus pour proposer les emmagasineurs les plus l\u00e9gers et les plus compacts du march\u00e9. C\u2019est la raison pour laquelle nous sommes tr\u00e8s pr\u00e9sents \u00e0 bord des voiliers de course au large et \u00e0 bord des voiliers les plus performants tels que les Imocas qui sont \u00e9quip\u00e9s \u00e0 plus de 70% de nos emmagasineurs. Cette version EcoConcept ne fait aucune concession sur la performance. Chez Karver, l&#8217;\u00e9cco conception s&#8217;entend sans perte de performance ou de fonctionnalit\u00e9 et sans hausse de prix. Il ne tient qu&#8217;\u00e0 vous de rendre cette version la plus populaire.<\/p>\n<p> Cette 3\u00e8me g\u00e9n\u00e9ration d\u2019emmagasineurs Karver nous place d\u00e9finitivement en position de pr\u00e9curseur. Le pr\u00e9curseur\u2026 c\u2019est Karver.<\/p>\n","protected":false},"excerpt":{"rendered":"<p>Le KFEC1.5 ECOCONCEPT est un emmagasineur qui r\u00e9siste \u00e0 une charge de travail de 1,5 T. Il est destin\u00e9 aux voiliers de 25 \u00e0 35 pieds. Le KFEC1.5 est un emmagasineur Karver de 3\u00e8me g\u00e9n\u00e9ration. Avec cette version EcoConcept, nous avons cherch\u00e9 \u00e0 diminuer de mani\u00e8re importante l&#8217;impact environmental de cet emmagasineur. Cette \u00e9volution est [&hellip;]<\/p>\n","protected":false},"featured_media":9500,"template":"","meta":{"_acf_changed":false},"karver_prognav":[457,459],"product_brand":[],"product_cat":[506],"product_tag":[],"class_list":{"0":"post-9393","1":"product","2":"type-product","3":"status-publish","4":"has-post-thumbnail","6":"karver_prognav-racing","7":"karver_prognav-sailing","8":"product_cat-kf-furlers-ecoconcept-version-furlers-kf","10":"first","11":"instock","12":"taxable","13":"shipping-taxable","14":"purchasable","15":"product-type-simple"},"acf":[],"yoast_head":"<!-- This site is optimized with the Yoast SEO plugin v27.2 - https:\/\/yoast.com\/product\/yoast-seo-wordpress\/ -->\n<title>KFEC1.5 FURLER - ECOCONCEPT VERSION - Karver systems<\/title>\n<meta name=\"description\" content=\"Le KFEC1.5 ECOCONCEPT est un emmagasineur qui r\u00e9siste \u00e0 une charge de travail de 1,5 T. Il est destin\u00e9 aux voiliers de 25 \u00e0 35 pieds.\" \/>\n<meta name=\"robots\" content=\"index, follow, max-snippet:-1, max-image-preview:large, max-video-preview:-1\" \/>\n<link rel=\"canonical\" href=\"https:\/\/www.karver-systems.com\/en\/product\/kfec1-5-furler-ecoconcept-version\/\" \/>\n<meta property=\"og:locale\" content=\"en_US\" \/>\n<meta property=\"og:type\" content=\"article\" \/>\n<meta property=\"og:title\" content=\"KFEC1.5 FURLER - ECOCONCEPT VERSION - Karver systems\" \/>\n<meta property=\"og:description\" content=\"Le KFEC1.5 ECOCONCEPT est un emmagasineur qui r\u00e9siste \u00e0 une charge de travail de 1,5 T. Il est destin\u00e9 aux voiliers de 25 \u00e0 35 pieds.\" \/>\n<meta property=\"og:url\" content=\"https:\/\/www.karver-systems.com\/en\/product\/kfec1-5-furler-ecoconcept-version\/\" \/>\n<meta property=\"og:site_name\" content=\"Karver systems\" \/>\n<meta property=\"article:publisher\" content=\"https:\/\/www.facebook.com\/KarverSailing\" \/>\n<meta property=\"article:modified_time\" content=\"2026-04-01T07:44:42+00:00\" \/>\n<meta property=\"og:image\" content=\"https:\/\/karver-197c6.kxcdn.com\/wp-content\/uploads\/2021\/11\/KFEC1.5.JPG\" \/>\n\t<meta property=\"og:image:width\" content=\"1500\" \/>\n\t<meta property=\"og:image:height\" content=\"1500\" \/>\n\t<meta property=\"og:image:type\" content=\"image\/jpeg\" \/>\n<meta name=\"twitter:card\" content=\"summary_large_image\" \/>\n<meta name=\"twitter:label1\" content=\"Est. reading time\" \/>\n\t<meta name=\"twitter:data1\" content=\"2 minutes\" \/>\n<script type=\"application\/ld+json\" class=\"yoast-schema-graph\">{\"@context\":\"https:\/\/schema.org\",\"@graph\":[{\"@type\":\"WebPage\",\"@id\":\"https:\/\/www.karver-systems.com\/en\/product\/kfec1-5-furler-ecoconcept-version\/\",\"url\":\"https:\/\/www.karver-systems.com\/en\/product\/kfec1-5-furler-ecoconcept-version\/\",\"name\":\"KFEC1.5 FURLER - ECOCONCEPT VERSION - Karver systems\",\"isPartOf\":{\"@id\":\"https:\/\/www.karver-systems.com\/en\/#website\"},\"primaryImageOfPage\":{\"@id\":\"https:\/\/www.karver-systems.com\/en\/product\/kfec1-5-furler-ecoconcept-version\/#primaryimage\"},\"image\":{\"@id\":\"https:\/\/www.karver-systems.com\/en\/product\/kfec1-5-furler-ecoconcept-version\/#primaryimage\"},\"thumbnailUrl\":\"https:\/\/karver-197c6.kxcdn.com\/wp-content\/uploads\/2021\/11\/KFEC1.5.JPG\",\"datePublished\":\"2021-11-04T10:28:37+00:00\",\"dateModified\":\"2026-04-01T07:44:42+00:00\",\"description\":\"Le KFEC1.5 ECOCONCEPT est un emmagasineur qui r\u00e9siste \u00e0 une charge de travail de 1,5 T. Il est destin\u00e9 aux voiliers de 25 \u00e0 35 pieds.\",\"breadcrumb\":{\"@id\":\"https:\/\/www.karver-systems.com\/en\/product\/kfec1-5-furler-ecoconcept-version\/#breadcrumb\"},\"inLanguage\":\"en-US\",\"potentialAction\":[{\"@type\":\"ReadAction\",\"target\":[\"https:\/\/www.karver-systems.com\/en\/product\/kfec1-5-furler-ecoconcept-version\/\"]}]},{\"@type\":\"ImageObject\",\"inLanguage\":\"en-US\",\"@id\":\"https:\/\/www.karver-systems.com\/en\/product\/kfec1-5-furler-ecoconcept-version\/#primaryimage\",\"url\":\"https:\/\/karver-197c6.kxcdn.com\/wp-content\/uploads\/2021\/11\/KFEC1.5.JPG\",\"contentUrl\":\"https:\/\/karver-197c6.kxcdn.com\/wp-content\/uploads\/2021\/11\/KFEC1.5.JPG\",\"width\":1500,\"height\":1500,\"caption\":\"KFEC1.5 FURLER - ECOCONCEPT VERSION\"},{\"@type\":\"BreadcrumbList\",\"@id\":\"https:\/\/www.karver-systems.com\/en\/product\/kfec1-5-furler-ecoconcept-version\/#breadcrumb\",\"itemListElement\":[{\"@type\":\"ListItem\",\"position\":1,\"name\":\"Accueil\",\"item\":\"https:\/\/www.karver-systems.com\/en\/\"},{\"@type\":\"ListItem\",\"position\":2,\"name\":\"Shop\",\"item\":\"https:\/\/www.karver-systems.com\/en\/shop\/\"},{\"@type\":\"ListItem\",\"position\":3,\"name\":\"KF FURLERS\",\"item\":\"https:\/\/www.karver-systems.com\/en\/product-category\/furlers-kf\/\"},{\"@type\":\"ListItem\",\"position\":4,\"name\":\"KF ECOCONCEPT\",\"item\":\"https:\/\/www.karver-systems.com\/en\/product-category\/furlers-kf\/kf-furlers-ecoconcept-version-furlers-kf\/\"},{\"@type\":\"ListItem\",\"position\":5,\"name\":\"KFEC1.5 FURLER &#8211; ECOCONCEPT VERSION\"}]},{\"@type\":\"WebSite\",\"@id\":\"https:\/\/www.karver-systems.com\/en\/#website\",\"url\":\"https:\/\/www.karver-systems.com\/en\/\",\"name\":\"Karver systems\",\"description\":\"One Step Ahead\",\"publisher\":{\"@id\":\"https:\/\/www.karver-systems.com\/en\/#organization\"},\"potentialAction\":[{\"@type\":\"SearchAction\",\"target\":{\"@type\":\"EntryPoint\",\"urlTemplate\":\"https:\/\/www.karver-systems.com\/en\/?s={search_term_string}\"},\"query-input\":{\"@type\":\"PropertyValueSpecification\",\"valueRequired\":true,\"valueName\":\"search_term_string\"}}],\"inLanguage\":\"en-US\"},{\"@type\":\"Organization\",\"@id\":\"https:\/\/www.karver-systems.com\/en\/#organization\",\"name\":\"Karver Systems\",\"url\":\"https:\/\/www.karver-systems.com\/en\/\",\"logo\":{\"@type\":\"ImageObject\",\"inLanguage\":\"en-US\",\"@id\":\"https:\/\/www.karver-systems.com\/en\/#\/schema\/logo\/image\/\",\"url\":\"https:\/\/karver-systems.com\/wp-content\/uploads\/2020\/11\/logo1.png\",\"contentUrl\":\"https:\/\/karver-systems.com\/wp-content\/uploads\/2020\/11\/logo1.png\",\"width\":300,\"height\":66,\"caption\":\"Karver Systems\"},\"image\":{\"@id\":\"https:\/\/www.karver-systems.com\/en\/#\/schema\/logo\/image\/\"},\"sameAs\":[\"https:\/\/www.facebook.com\/KarverSailing\",\"https:\/\/www.linkedin.com\/company\/2403599\",\"https:\/\/www.pinterest.fr\/karversystems\/\",\"https:\/\/www.youtube.com\/KarverSailing\"]}]}<\/script>\n<!-- \/ Yoast SEO plugin. -->","yoast_head_json":{"title":"KFEC1.5 FURLER - ECOCONCEPT VERSION - Karver systems","description":"Le KFEC1.5 ECOCONCEPT est un emmagasineur qui r\u00e9siste \u00e0 une charge de travail de 1,5 T. Il est destin\u00e9 aux voiliers de 25 \u00e0 35 pieds.","robots":{"index":"index","follow":"follow","max-snippet":"max-snippet:-1","max-image-preview":"max-image-preview:large","max-video-preview":"max-video-preview:-1"},"canonical":"https:\/\/www.karver-systems.com\/en\/product\/kfec1-5-furler-ecoconcept-version\/","og_locale":"en_US","og_type":"article","og_title":"KFEC1.5 FURLER - ECOCONCEPT VERSION - Karver systems","og_description":"Le KFEC1.5 ECOCONCEPT est un emmagasineur qui r\u00e9siste \u00e0 une charge de travail de 1,5 T. Il est destin\u00e9 aux voiliers de 25 \u00e0 35 pieds.","og_url":"https:\/\/www.karver-systems.com\/en\/product\/kfec1-5-furler-ecoconcept-version\/","og_site_name":"Karver systems","article_publisher":"https:\/\/www.facebook.com\/KarverSailing","article_modified_time":"2026-04-01T07:44:42+00:00","og_image":[{"width":1500,"height":1500,"url":"https:\/\/karver-197c6.kxcdn.com\/wp-content\/uploads\/2021\/11\/KFEC1.5.JPG","type":"image\/jpeg"}],"twitter_card":"summary_large_image","twitter_misc":{"Est. reading time":"2 minutes"},"schema":{"@context":"https:\/\/schema.org","@graph":[{"@type":"WebPage","@id":"https:\/\/www.karver-systems.com\/en\/product\/kfec1-5-furler-ecoconcept-version\/","url":"https:\/\/www.karver-systems.com\/en\/product\/kfec1-5-furler-ecoconcept-version\/","name":"KFEC1.5 FURLER - ECOCONCEPT VERSION - Karver systems","isPartOf":{"@id":"https:\/\/www.karver-systems.com\/en\/#website"},"primaryImageOfPage":{"@id":"https:\/\/www.karver-systems.com\/en\/product\/kfec1-5-furler-ecoconcept-version\/#primaryimage"},"image":{"@id":"https:\/\/www.karver-systems.com\/en\/product\/kfec1-5-furler-ecoconcept-version\/#primaryimage"},"thumbnailUrl":"https:\/\/karver-197c6.kxcdn.com\/wp-content\/uploads\/2021\/11\/KFEC1.5.JPG","datePublished":"2021-11-04T10:28:37+00:00","dateModified":"2026-04-01T07:44:42+00:00","description":"Le KFEC1.5 ECOCONCEPT est un emmagasineur qui r\u00e9siste \u00e0 une charge de travail de 1,5 T. Il est destin\u00e9 aux voiliers de 25 \u00e0 35 pieds.","breadcrumb":{"@id":"https:\/\/www.karver-systems.com\/en\/product\/kfec1-5-furler-ecoconcept-version\/#breadcrumb"},"inLanguage":"en-US","potentialAction":[{"@type":"ReadAction","target":["https:\/\/www.karver-systems.com\/en\/product\/kfec1-5-furler-ecoconcept-version\/"]}]},{"@type":"ImageObject","inLanguage":"en-US","@id":"https:\/\/www.karver-systems.com\/en\/product\/kfec1-5-furler-ecoconcept-version\/#primaryimage","url":"https:\/\/karver-197c6.kxcdn.com\/wp-content\/uploads\/2021\/11\/KFEC1.5.JPG","contentUrl":"https:\/\/karver-197c6.kxcdn.com\/wp-content\/uploads\/2021\/11\/KFEC1.5.JPG","width":1500,"height":1500,"caption":"KFEC1.5 FURLER - ECOCONCEPT VERSION"},{"@type":"BreadcrumbList","@id":"https:\/\/www.karver-systems.com\/en\/product\/kfec1-5-furler-ecoconcept-version\/#breadcrumb","itemListElement":[{"@type":"ListItem","position":1,"name":"Accueil","item":"https:\/\/www.karver-systems.com\/en\/"},{"@type":"ListItem","position":2,"name":"Shop","item":"https:\/\/www.karver-systems.com\/en\/shop\/"},{"@type":"ListItem","position":3,"name":"KF FURLERS","item":"https:\/\/www.karver-systems.com\/en\/product-category\/furlers-kf\/"},{"@type":"ListItem","position":4,"name":"KF ECOCONCEPT","item":"https:\/\/www.karver-systems.com\/en\/product-category\/furlers-kf\/kf-furlers-ecoconcept-version-furlers-kf\/"},{"@type":"ListItem","position":5,"name":"KFEC1.5 FURLER &#8211; ECOCONCEPT VERSION"}]},{"@type":"WebSite","@id":"https:\/\/www.karver-systems.com\/en\/#website","url":"https:\/\/www.karver-systems.com\/en\/","name":"Karver systems","description":"One Step Ahead","publisher":{"@id":"https:\/\/www.karver-systems.com\/en\/#organization"},"potentialAction":[{"@type":"SearchAction","target":{"@type":"EntryPoint","urlTemplate":"https:\/\/www.karver-systems.com\/en\/?s={search_term_string}"},"query-input":{"@type":"PropertyValueSpecification","valueRequired":true,"valueName":"search_term_string"}}],"inLanguage":"en-US"},{"@type":"Organization","@id":"https:\/\/www.karver-systems.com\/en\/#organization","name":"Karver Systems","url":"https:\/\/www.karver-systems.com\/en\/","logo":{"@type":"ImageObject","inLanguage":"en-US","@id":"https:\/\/www.karver-systems.com\/en\/#\/schema\/logo\/image\/","url":"https:\/\/karver-systems.com\/wp-content\/uploads\/2020\/11\/logo1.png","contentUrl":"https:\/\/karver-systems.com\/wp-content\/uploads\/2020\/11\/logo1.png","width":300,"height":66,"caption":"Karver Systems"},"image":{"@id":"https:\/\/www.karver-systems.com\/en\/#\/schema\/logo\/image\/"},"sameAs":["https:\/\/www.facebook.com\/KarverSailing","https:\/\/www.linkedin.com\/company\/2403599","https:\/\/www.pinterest.fr\/karversystems\/","https:\/\/www.youtube.com\/KarverSailing"]}]}},"jetpack_sharing_enabled":true,"_links":{"self":[{"href":"https:\/\/www.karver-systems.com\/en\/wp-json\/wp\/v2\/product\/9393","targetHints":{"allow":["GET"]}}],"collection":[{"href":"https:\/\/www.karver-systems.com\/en\/wp-json\/wp\/v2\/product"}],"about":[{"href":"https:\/\/www.karver-systems.com\/en\/wp-json\/wp\/v2\/types\/product"}],"wp:featuredmedia":[{"embeddable":true,"href":"https:\/\/www.karver-systems.com\/en\/wp-json\/wp\/v2\/media\/9500"}],"wp:attachment":[{"href":"https:\/\/www.karver-systems.com\/en\/wp-json\/wp\/v2\/media?parent=9393"}],"wp:term":[{"taxonomy":"karver_prognav","embeddable":true,"href":"https:\/\/www.karver-systems.com\/en\/wp-json\/wp\/v2\/karver_prognav?post=9393"},{"taxonomy":"product_brand","embeddable":true,"href":"https:\/\/www.karver-systems.com\/en\/wp-json\/wp\/v2\/product_brand?post=9393"},{"taxonomy":"product_cat","embeddable":true,"href":"https:\/\/www.karver-systems.com\/en\/wp-json\/wp\/v2\/product_cat?post=9393"},{"taxonomy":"product_tag","embeddable":true,"href":"https:\/\/www.karver-systems.com\/en\/wp-json\/wp\/v2\/product_tag?post=9393"}],"curies":[{"name":"wp","href":"https:\/\/api.w.org\/{rel}","templated":true}]}}